{"id":37,"date":"2017-01-04T16:48:09","date_gmt":"2017-01-04T19:48:09","guid":{"rendered":"https:\/\/estudioinfinito.com\/ep\/?page_id=37"},"modified":"2022-08-22T18:36:32","modified_gmt":"2022-08-22T21:36:32","slug":"terminos-condiciones","status":"publish","type":"page","link":"https:\/\/estudioinfinito.com\/ep\/terminos-condiciones\/","title":{"rendered":"T\u00e9rminos y condiciones"},"content":{"rendered":"<p>A continuaci\u00f3n se describen los T\u00e9rminos y condiciones (en adelante, los &quot;T\u00e9rminos y condiciones&quot;), del Servicio de clasificados web (en adelante, el Servicio), por el cual se ofrece la publicidad de avisos en web denominado Clasificados WEB de diario EL PATAGONICO a trav\u00e9s del sitio\u00a0www.elpatagonicoclasificados.com\u00a0\u00a0(en adelante, el Sitio), titularidad de IGD S.A., CUIT 30708792086, con domicilio real en Sarmiento 569, Comodoro Rivadavia, Chubut. <\/p>\n<p>a) Introducci\u00f3n:<br \/>\n1. Toda persona que se encuentre interesada en utilizar el Servicio para publicar los Avisos clasificados a trav\u00e9s del Sitio (en adelante, el Usuario) acepta sin condicionamientos, todos y cada uno de los presentes T\u00e9rminos y condiciones, como as\u00ed tambi\u00e9n sus modificaciones, documentos complementarios, etc. y se obliga a cumplirlos sin objeci\u00f3n alguna. En consecuencia, si el Usuario no est\u00e1 de acuerdo con alguno de los T\u00e9rminos y condiciones, no deber\u00e1 utilizar el Servicio ni el Sitio para la publicaci\u00f3n de los Avisos. Se deja expresamente aclarado que los presentes T\u00e9rminos y condiciones tienen car\u00e1cter obligatorio y vinculante.<br \/>\n2. IGD S.A. se reserva el derecho, a su sola discreci\u00f3n, de modificar, alterar o de otra manera actualizar, estos T\u00e9rminos y condiciones en cualquier momento. Las modificaciones entrar\u00e1n en vigencia desde el momento que se indique y\/o en su defecto, se entender\u00e1 que su aplicaci\u00f3n es inmediata. Por lo que usando el Usuario este Sitio, despu\u00e9s de dichas modificaciones, acepta estar sujeto a dichos cambios, alteraciones y\/o actualizaciones, de los T\u00e9rminos y condiciones, sin derecho el Usuario a efectuar reclamo alguno con relaci\u00f3n a ello. 3. Se deja aclarado que ciertos contenidos accedidos a trav\u00e9s del Sitio pueden estar alcanzados por normas espec\u00edficas que reglamenten y complementen a los presentes T\u00e9rminos y condiciones, raz\u00f3n por la cual se recomienda al Usuario tomar conocimiento espec\u00edfico de ellas.<br \/>\n4. IGD S.A. se reserva el derecho a denegar o retirar el acceso al Sitio y\/o a prestar el Servicio, sin necesidad de preaviso alguno, a aquellos Usuarios que incumplan los presentes T\u00e9rminos y condiciones, sin obligaci\u00f3n de IGD S.A. de abonar suma alguna, por ninguna \u00edndole ni concepto, en virtud y\/o con causa en lo anterior. <\/p>\n<p>b) Condiciones de acceso al Sitio<br \/>\n1. El Usuario deber\u00e1 hacer click en la solapa &quot;Public\u00e1 tu clasificado&quot;, debiendo completar el Formulario de Contenido del clasificado con su informaci\u00f3n personal, contenido del clasificado y otros campos detallados. indicando adem\u00e1s la informaci\u00f3n de facturaci\u00f3n, detallando Nombre, Tel\u00e9fono de contacto, direcci\u00f3n de correo electr\u00f3nico y n\u00famero de CUIT en caso de requerir factura de tipo A. Dichos datos tendr\u00e1n car\u00e1cter de declaraci\u00f3n jurada.<br \/>\n2. El Usuario al hacer click en el bot\u00f3n Publicar clasificado, no podr\u00e1 modificar los datos ingresados en el formulario. <\/p>\n<p>c) Carga y generaci\u00f3n de los Avisos 1. Todo Usuario deber\u00e1 generar un Aviso ingresando a la p\u00e1gina principal del Sitio y a la solapa Public\u00e1 tu aviso y posteriormente cumpliendo los siguientes siete (7) pasos: <\/p>\n<p>a) Se deber\u00e1 ingresar el T\u00edtulo del clasificado;<br \/>\nb) Se deber\u00e1 describir el contenido del clasificado, el cual tiene un l\u00edmite de 270 (doscientos setenta) caracteres con espacios;<br \/>\nc) Se deber\u00e1 seleccionar la categor\u00eda;<br \/>\nd) Seleccionar la localidad del servicio o bien ofrecido;<br \/>\ne) Opcionalmente podr\u00e1 seleccionar una imagen que se publicar\u00e1 s\u00f3lo en la versi\u00f3n web;<br \/>\nf) Seleccionar el tipo de clasificado (com\u00fan o destacado);<br \/>\ng) Seleccionar los d\u00edas de publicaci\u00f3n. Posteriormente se deben ingresar datos personales (Nombre, Tel\u00e9fono, Email y CUIT en caso de corresponder. Por \u00faltimo hacer click en Publicar Clasificado. <\/p>\n<p>2. Se deja expresamente aclarado que el Servicio del Sitio es con cargo, y que la tarifa de los Avisos, estar\u00e1n condicionadas conforme el tipo de publicaci\u00f3n que elija y la cantidad de d\u00edas. Sin perjuicio de ello, antes del ingreso del Aviso los Usuarios podr\u00e1n observar la tarifa del mismo, a trav\u00e9s del recuadro &#8220;precio del clasificado\u201d, a fin de tomar conocimiento del tarifario publicado por IGD S.A., el cual estar\u00e1 sujeto a cambios.<br \/>\n3. El precio de los Servicios ser\u00e1n cancelados a trav\u00e9s de la plataforma Mercado Pago, quedando a partir del momento del pago sujeto a Los t\u00e9rminos y Condiciones de Mercado Pago. <\/p>\n<p>d) Uso del Servicio 1.<br \/>\nEl Usuario se comprometen a utilizar el Sitio y el Servicio de conformidad con la ley, la moral, el orden p\u00fablico, los presentes T\u00e9rminos y condiciones, en su caso, le sean de aplicaci\u00f3n, y bajo su exclusivo riesgo y responsabilidad. Asimismo, se compromete hacer un uso adecuado del Servicio del Sitio y a no emplearlos para realizar actividades il\u00edcitas o constitutivas de delito, que atenten contra los derechos de terceros y\/o que infrinjan la regulaci\u00f3n sobre propiedad intelectual e industrial, o cualesquiera otras normas del ordenamiento jur\u00eddico aplicable. <\/p>\n<p>2. En particular, los Usuarios se comprometen a no trasmitir, introducir, difundir y poner a disposici\u00f3n de terceros, cualquier tipo de material e informaci\u00f3n (datos contenidos, mensajes, dibujos, archivos de sonido e imagen, fotograf\u00edas, software, etc.) que sean contrarios a la ley, la moral, el orden p\u00fablico, los presentes T\u00e9rminos y condiciones y, en su caso, a las Condiciones Particulares que le sean de aplicaci\u00f3n. <\/p>\n<p>3. A t\u00edtulo enunciativo, y en ning\u00fan caso limitativo o excluyente, los Usuarios se comprometen a: o No ingresar o difundir contenidos o propaganda de car\u00e1cter racista, xen\u00f3fobo, pornogr\u00e1fico, de apolog\u00eda del terrorismo o que atenten contra los derechos humanos. o No ingresar o difundir en la red programas de datos (virus y software nocivo) susceptibles de provocar da\u00f1os en los sistemas inform\u00e1ticos del proveedor de acceso, sus proveedores o terceros usuarios de la red Internet. o No ingresar, difundir, transmitir o poner a disposici\u00f3n de terceros cualquier tipo de informaci\u00f3n, elemento o contenido que constituya publicidad il\u00edcita o desleal. o No transmitir publicidad no solicitada o no autorizada, material publicitario, &#8220;correo basura&#8221;, &#8220;cartas en cadena&#8221;, &#8220;estructuras piramidales&#8221;, o cualquier otra forma de solicitaci\u00f3n, excepto en aquellas \u00e1reas (tales como espacios comerciales) que hayan sido exclusivamente concebidas para ello. o No ingresar o difundir cualquier informaci\u00f3n y contenidos falsos, ambiguos, extempor\u00e1neos o inexactos de forma que induzca a error a los receptores de la informaci\u00f3n. o No introducir o difundir contenidos que sean contrarios al honor, a la intimidad personal y familiar o a la propia imagen de las personas. o No ingresar, difundir, transmitir o poner a disposici\u00f3n de terceros cualquier tipo de informaci\u00f3n, elemento o contenido que suponga una violaci\u00f3n de los derechos de propiedad intelectual e industrial, patentes, marcas o copyright que correspondan a los titulares del Sitio o a terceros. o No ingresar, difundir, transmitir o poner a disposici\u00f3n de terceros cualquier tipo de informaci\u00f3n, elemento o contenido que suponga una violaci\u00f3n del secreto de las comunicaciones y la legislaci\u00f3n de datos de car\u00e1cter personal. o Usar cualquier mecanismo, software o rutina para impedir o intentar impedir el adecuado funcionamiento de este Sitio o cualquier actividad que se est\u00e9 realizando en este Sitio. o No realizar cualquier acci\u00f3n que imponga una carga desproporcionada o desmesurada sobre la infraestructura de este Sitio. o No intentar descifrar, descompilar u obtener el c\u00f3digo fuente de cualquier programa de software que comprenda o constituya una parte de este Sitio. <\/p>\n<p>4. En aquellos casos que El Usuario no cumpla con los puntos enunciados anteriormente, quedar\u00e1 a criterio de IGD S.A. reintegrar el importe abonado por el Usuario a trav\u00e9s de la plataforma Mercado Pago. En caso de acceder a dicho reintegro, el mismo se realizar\u00e1 de manera presencial en la receptor\u00eda del diario ubicado en Sarmiento 569, Comodoro Rivadavia, en d\u00eda y horario a convenir. <\/p>\n<p>e) Publicaci\u00f3n de los Avisos 1.<br \/>\nLa publicaci\u00f3n de los Avisos en el sitio Clasificados Web de diario El Patag\u00f3nico estar\u00e1 siempre supeditada y condicionada a la disponibilidad del espacio correspondiente. En consecuencia, el pedido de publicaci\u00f3n y carga del Aviso por parte del Usuario, no implica la publicaci\u00f3n del Aviso. Lo anterior por cuanto la publicaci\u00f3n de todo Aviso est\u00e1 sujeta a disponibilidad de espacio, ubicaci\u00f3n y a las eventuales modificaciones de \u00faltimo momento que pueda sufrir la diagramaci\u00f3n de los Avisos del diario sobre el cierre de cada edici\u00f3n, a exclusivo criterio de IGD S.A. y sin que ello otorgue derecho a reclamo o indemnizaci\u00f3n alguna.<br \/>\n2. Consecuentemente, la no publicaci\u00f3n de Avisos por las razones estipuladas en los presentes T\u00e9rminos y Condiciones y\/o sus normas complementarias, no genera responsabilidad alguna para IGD S.A. ni tampoco derecho a reclamo alguno por parte de los Usuarios, para lo cual se reprogramar\u00e1 con el Usuario la nueva fecha de publicaci\u00f3n.<br \/>\n3. IGD S.A. no asume responsabilidad alguna con relaci\u00f3n a los Avisos y su contenido, siendo los mismos exclusiva responsabilidad de los Usuarios.<br \/>\n4. En el caso de dudas o reclamos sobre los Avisos, los Usuarios deber\u00e1n contactarse con la recepci\u00f3n del diario al tel\u00e9fono 4062728 o al email\u00a0publicidad@elpatagonico.net. A tales efectos, se solicitar\u00e1 a los Usuarios datos tales como nombre y apellido, y tipo y n\u00famero de documento. <\/p>\n<p>f) Responsabilidad por el contenido de los Avisos<br \/>\n1. Los Usuarios ser\u00e1n \u00fanico y exclusivo responsable del contenido de los Avisos y mantendr\u00e1 libre e indemne al Sito Clasificados Web y\/o IGD S.A., por todo expediente administrativo y\/o judicial que se inicie con motivo de los mismos. IGD S.A. solo revisar\u00e1 la calidad t\u00e9cnica de los Avisos, de forma tal que IGD S.A. queda expresamente facultada para desestimar los que considere inadecuados para la publicaci\u00f3n.<br \/>\n2. Al navegar el Sitio, el Usuario brinda informaci\u00f3n personal, prestando su consentimiento para que la misma sea almacenada directamente en la base de datos de IGD S.A., encontr\u00e1ndose protegida electr\u00f3nicamente, utilizando los mecanismos de seguridad inform\u00e1tica de protecci\u00f3n de la informaci\u00f3n m\u00e1s completos y eficaces para mantenerla en total confidencialidad, conforme a la Ley N\u00b0 25.326 de H\u00e1beas Data, no obstante lo cual, los Usuarios pueden acceder a esta informaci\u00f3n y solicitar su eliminaci\u00f3n o modificaci\u00f3n en la direcci\u00f3n Nacional de Protecci\u00f3n de Datos Personales sita en Sarmiento 1118 piso 5to de la Ciudad Aut\u00f3noma de Buenos Aires Tel. 4383- 8510\/12\/13\/15;\u00a0www.jus.gov.ar\/datospersonales\u00a0&#8211;\u00a0infodnpdpa@jus.gov.ar, la referida Direcci\u00f3n es el \u00f3rgano de control de la Ley N\u00b0 25.326.<br \/>\n3. Los Usuarios son responsables por el buen uso del Sitio y\/o del Servicio, comprometi\u00e9ndose expresamente a evitar cualquier tipo de acci\u00f3n que pueda da\u00f1ar a sistemas, equipos o servicios accesibles, directa o indirectamente a trav\u00e9s de Internet, incluyendo la congesti\u00f3n intencional de enlaces o sistemas y de acuerdo a las presentes condiciones.<br \/>\n4. Se deja expresamente aclarado que el Sitio y\/o la contrataci\u00f3n de los Servicios solo podr\u00e1 ser utilizado \u00fanica y exclusivamente por personas mayores de 18 a\u00f1os.<br \/>\n5. Toda la informaci\u00f3n publicada y\/u ofrecida por los Avisos en el sitio Clasificados Web es proporcionada por el Usuario, siendo responsabilidad exclusiva de los mismos dicha informaci\u00f3n como as\u00ed tambi\u00e9n lo referente a su comercializaci\u00f3n. IGD S.A. no es responsable por la publicaci\u00f3n, veracidad y exactitud de la informaci\u00f3n de los Avisos publicados, ni de los cambios que sobre los mismos pudieran acontecer.<br \/>\n6. Los Usuarios son responsables por el buen uso del Servicio, comprometi\u00e9ndose expresamente a evitar cualquier tipo de acci\u00f3n, que pueda da\u00f1ar a sistemas, equipos o servicios accesibles directos o indirectamente a trav\u00e9s de Internet, incluyendo la congesti\u00f3n intencional de enlaces o sistemas y de acuerdo a las presentes condiciones.<br \/>\n7. Los Usuarios asumen plena responsabilidad frente al Sitio y a terceros por da\u00f1os y perjuicios que se produjeran como consecuencia del accionar propio, de sus dependientes o de terceros y los que resulten de la inobservancia de las leyes o reglamentaciones de otros hechos il\u00edcitos o del mal uso que se haga del servicio, debiendo los Usuarios indemnizar y mantener indemne al Sitio ante cualquier reclamo de pago que pudiera corresponder.<br \/>\n8. IGD S.A. tendr\u00e1 el derecho de ampliar o mejorar el Servicio en el Sitio prestado sin necesidad de comunicaci\u00f3n previa, as\u00ed como de alterar los medios o rutas utilizados para la prestaci\u00f3n del Servicio.<br \/>\n9. La falta de ejercicio temporario por parte de IGD S.A. de los derechos que los presentes les confiere, no implicar\u00e1n una renuncia a los mismos, los cuales podr\u00e1n ser ejercidos en todo momento.<br \/>\n10. IGD S.A. no ser\u00e1 responsable de la satisfacer ni cumplir con las necesidades y requerimientos del Usuario, limit\u00e1ndose solo a otorgar un espacio para la publicaci\u00f3n de un Aviso.<br \/>\n11. IGD S.A. no ser\u00e1 responsable por los da\u00f1os, alteraci\u00f3n de informaci\u00f3n o interferencias al sistema o a las redes, producto del accionar de terceros.<br \/>\n12. IGD S.A. no ser\u00e1 responsable por el resultado del Servicio en tanto las instalaciones necesarias para su buen funcionamiento dependan de terceros. Esto incluye, pero no limita a, errores de encaminamiento, p\u00e9rdida de informaci\u00f3n o datos, interrupciones del Servicio no planificadas que no sean atribuibles al Sitio.<br \/>\n13. IGD S.A. no ser\u00e1 responsable de la calidad, exactitud, fiabilidad, correcci\u00f3n y utilidad de los datos, programas e informaci\u00f3n de cualquier tipo que se transmitan por sus redes.<br \/>\n14. IGD S.A. no ser\u00e1 responsable por el mal uso de las facilidades y Servicio prestado, debidos a cortes de energ\u00eda o interrupciones programadas o cualquier otra falla que no se atribuible a culpa grave o dolo del Sitio.<br \/>\n15. IGD S.A. no ser\u00e1 responsable por los da\u00f1os y perjuicios causados, incluyendo caso fortuito y fuerza mayor, que se produjeran a los equipos, instalaciones o personal de los Usuarios. 16. Los productos, bienes, autom\u00f3viles y\/o Servicios ofrecidos y\/o publicados en los Avisos no se encuentran garantizados por el Sitio ni por IGD S.A., asumiendo quienes los publican y\/o proveen toda la responsabilidad respecto a la calidad, los vicios redhibitorios, evicci\u00f3n y\/o cualquier p\u00e9rdida o da\u00f1o que pudiera sufrirse con relaci\u00f3n a las contrataciones formalizadas sobre los mismos por los Usuarios. g) Declaraciones: 1. Los Usuarios expresamente comprenden, aceptan y est\u00e1n de acuerdo en que: o El Sitio puede contener errores; o IGD S.A. no ser\u00e1n responsables por ning\u00fan da\u00f1o o perjuicio, directo o indirecto, incluyendo, sin ning\u00fan tipo de limitaci\u00f3n, da\u00f1os producidos por la p\u00e9rdida y\/o deterioro de informaci\u00f3n y\/o por el uso del Sitio; o La utilizaci\u00f3n del Sitio y de Internet en general implica la asunci\u00f3n de riesgos de potenciales da\u00f1os al software y al hardware del Usuario. Por tal motivo, el equipo terminal desde el cual los Usuarios acceden al Sitio estar\u00e1 en condiciones de resultar atacado y da\u00f1ado por la acci\u00f3n de hackers quienes podr\u00edan incluso acceder a la informaci\u00f3n contenida en el equipo terminal de los Usuarios, extraerla, sustraerla y\/o da\u00f1arla. Los Usuario renuncian a efectuar reclamos por estos motivos. o El intercambio de informaci\u00f3n a trav\u00e9s de Internet tiene el riesgo de que tal informaci\u00f3n pueda ser captada por un tercero. El Sitio no se hace responsable de las consecuencias que pudiera acarrear a los Usuarios en tal hip\u00f3tesis. o El Sitio no guarda obligaci\u00f3n alguna de conservar informaci\u00f3n que hayan hecho disponible los Usuario, ni que le haya sido enviada por \u00e9stos. h) Derecho de autor, propiedad intelectual e industrial y registro de marcas: 1. El Sitio es de propiedad \u00fanica, exclusiva y excluyente de IGD S.A., ubicada en Sarmiento 569, Comodoro Rivadavia, Chubut, Rep\u00fablica Argentina. Todo el material en este Sitio, incluyendo, pero sin limitaci\u00f3n a, im\u00e1genes, ilustraciones, clips de audio, y clips de video, se encuentra protegido por derechos de autor, los cuales son propiedad de, y controlados por IGD S.A., u otras partes que han licenciado su material a IGD S.A.. 2. El material de este Sitio no puede ser copiado, reproducido, republicado, cargado, exhibido, transmitido, o distribuido en forma alguna. El modificar los materiales o utilizar los materiales para cualquier prop\u00f3sito representa una violaci\u00f3n de los derechos de autor y otros derechos de propiedad. i) Ley aplicable y tribunal competente: 1. Los presentes T\u00e9rminos y condiciones y las normas que lo complementan se regir\u00e1n por las leyes de la Rep\u00fablica Argentina, siendo competentes para cualquier controversia que pudiere llegar a suscitarse, los Tribunales Nacionales en lo Comercial, con asiento en la Capital Federal, sin reservas. 2. La utilizaci\u00f3n del Sitio est\u00e1 expresamente prohibida en toda jurisdicci\u00f3n en donde no puedan ser aplicadas las condiciones establecidas en los presentes T\u00e9rminos y condiciones. 3. Toda notificaci\u00f3n u otra comunicaci\u00f3n que deba efectuarse bajo estos T\u00e9rminos y condiciones, deber\u00e1 realizarse por escrito: (i) al Usuario: a la cuenta mail por \u00e9l ingresada o por carta documento dirigida al domicilio declarado en su ficha de alta y registraci\u00f3n; (ii) a IGD S.A.: a la cuenta de correo electr\u00f3nico \u00f3 a Sarmiento 569, Comodoro Rivadavia, Chubut (9000). Las personas que utilicen el Sitio\u00a0www.elpatagonicoclasificados.com, por su sola utilizaci\u00f3n aceptar\u00e1n de pleno derecho todas y cada una de las disposiciones previstas en los presentes T\u00e9rminos y condiciones, sin reservas.<\/p>\n","protected":false},"excerpt":{"rendered":"<p>A continuaci\u00f3n se describen los T\u00e9rminos y condiciones (en adelante, los &quot;T\u00e9rminos y condiciones&quot;), del Servicio de clasificados web (en adelante, el Servicio), por el cual se ofrece la publicidad de avisos en web denominado Clasificados WEB de diario EL PATAGONICO a trav\u00e9s del sitio\u00a0www.elpatagonicoclasificados.com\u00a0\u00a0(en adelante, el Sitio), titularidad de IGD S.A., CUIT 30708792086, con&#8230;<\/p>\n","protected":false},"author":1,"featured_media":0,"parent":0,"menu_order":0,"comment_status":"closed","ping_status":"closed","template":"","meta":[],"_links":{"self":[{"href":"https:\/\/estudioinfinito.com\/ep\/wp-json\/wp\/v2\/pages\/37"}],"collection":[{"href":"https:\/\/estudioinfinito.com\/ep\/wp-json\/wp\/v2\/pages"}],"about":[{"href":"https:\/\/estudioinfinito.com\/ep\/wp-json\/wp\/v2\/types\/page"}],"author":[{"embeddable":true,"href":"https:\/\/estudioinfinito.com\/ep\/wp-json\/wp\/v2\/users\/1"}],"replies":[{"embeddable":true,"href":"https:\/\/estudioinfinito.com\/ep\/wp-json\/wp\/v2\/comments?post=37"}],"version-history":[{"count":1,"href":"https:\/\/estudioinfinito.com\/ep\/wp-json\/wp\/v2\/pages\/37\/revisions"}],"predecessor-version":[{"id":12951,"href":"https:\/\/estudioinfinito.com\/ep\/wp-json\/wp\/v2\/pages\/37\/revisions\/12951"}],"wp:attachment":[{"href":"https:\/\/estudioinfinito.com\/ep\/wp-json\/wp\/v2\/media?parent=37"}],"curies":[{"name":"wp","href":"https:\/\/api.w.org\/{rel}","templated":true}]}}